{"id":1020,"date":"2018-04-12T15:00:16","date_gmt":"2018-04-12T13:00:16","guid":{"rendered":"https:\/\/grandbari.eu\/sale\/"},"modified":"2020-10-07T14:17:23","modified_gmt":"2020-10-07T12:17:23","slug":"sprzedaz","status":"publish","type":"page","link":"https:\/\/grandbari.eu\/pl\/sprzedaz\/","title":{"rendered":"Sprzeda\u017c"},"content":{"rendered":"<p><span lang=\"PL\">Wina z naszej produkcji s\u0105 sprzedawane bezpo\u015brednio przez naszego kierownika sprzeda\u017cy lub dystrybutora.<\/span><\/p>\n","protected":false},"excerpt":{"rendered":"<p>Wina z naszej produkcji s\u0105 sprzedawane bezpo\u015brednio przez naszego kierownika sprzeda\u017cy lub dystrybutora.<\/p>\n","protected":false},"author":1,"featured_media":0,"parent":0,"menu_order":0,"comment_status":"closed","ping_status":"closed","template":"page-predaj.php","meta":{"_acf_changed":false,"_monsterinsights_skip_tracking":false,"_monsterinsights_sitenote_active":false,"_monsterinsights_sitenote_note":"","_monsterinsights_sitenote_category":0,"footnotes":""},"class_list":["post-1020","page","type-page","status-publish","hentry"],"acf":[],"_links":{"self":[{"href":"https:\/\/grandbari.eu\/pl\/wp-json\/wp\/v2\/pages\/1020"}],"collection":[{"href":"https:\/\/grandbari.eu\/pl\/wp-json\/wp\/v2\/pages"}],"about":[{"href":"https:\/\/grandbari.eu\/pl\/wp-json\/wp\/v2\/types\/page"}],"author":[{"embeddable":true,"href":"https:\/\/grandbari.eu\/pl\/wp-json\/wp\/v2\/users\/1"}],"replies":[{"embeddable":true,"href":"https:\/\/grandbari.eu\/pl\/wp-json\/wp\/v2\/comments?post=1020"}],"version-history":[{"count":2,"href":"https:\/\/grandbari.eu\/pl\/wp-json\/wp\/v2\/pages\/1020\/revisions"}],"predecessor-version":[{"id":1022,"href":"https:\/\/grandbari.eu\/pl\/wp-json\/wp\/v2\/pages\/1020\/revisions\/1022"}],"wp:attachment":[{"href":"https:\/\/grandbari.eu\/pl\/wp-json\/wp\/v2\/media?parent=1020"}],"curies":[{"name":"wp","href":"https:\/\/api.w.org\/{rel}","templated":true}]}}