{"id":1024,"date":"2018-04-12T15:14:06","date_gmt":"2018-04-12T13:14:06","guid":{"rendered":"https:\/\/grandbari.eu\/history\/"},"modified":"2020-10-07T14:19:43","modified_gmt":"2020-10-07T12:19:43","slug":"historia","status":"publish","type":"page","link":"https:\/\/grandbari.eu\/pl\/historia\/","title":{"rendered":"Historia"},"content":{"rendered":"<div class=\"echelon-html-widget \">\n<p style=\"text-align: justify;\">Winoro\u015bl w regionie Tokaj by\u0142a uprawiana ju\u017c przez staro\u017cytnych Rzymian. Du\u017cy wp\u0142yw na rozw\u00f3j tych teren\u00f3w mieli Tatarzy, ich najazdy sprawi\u0142y, \u017ce teren opustosza\u0142, a&nbsp;winnice zosta\u0142y zniszczone. Do ich odrodzenia przyczyni\u0142 si\u0119 kr\u00f3l W\u0119gier, B\u00e9la IV. Za jego panowania region zosta\u0142 skolonizowany przez w\u0142oskich osadnik\u00f3w z region\u00f3w Formin i Bari. Przynie\u015bli oni ze sob\u0105 bogate do\u015bwiadczenie z now\u0105 odmian\u0105 Furmint, kt\u00f3ra jest podstaw\u0105 produkcji wina Tokaj.<\/p>\n<p style=\"text-align: justify;\">W drugiej po\u0142owie XVII wieku ks. Laczko Mat\u00e9 z Mo\u0142dawii nad Bodvou dokona\u0142 pierwszej selekcji tokajskiej, kt\u00f3r\u0105 przekaza\u0142 \u017conie swojego gospodarza. Zsuzsanna Lorantffy polubi\u0142a wino, dlatego kaza\u0142a wyprodukowa\u0107 go jak najwi\u0119cej. Wina z tego rejonu pito tak\u017ce na dworze carskim w Sankt Petersburgu.<\/p>\n<p style=\"text-align: justify;\">Do wielbicieli wina tokajskiego nale\u017celi tak\u017ce Voltaire, Cromwell, Napoleon i s\u0142ynny francuski kr\u00f3l Ludwik XIV. W tym okresie wino tokajskie zyska\u0142o tytu\u0142 &#8211; Vinum regum &#8211; reg vinorum, co po angielsku oznacza wino kr\u00f3l\u00f3w &#8211; kr\u00f3l win.<\/p>\n<\/div>\n","protected":false},"excerpt":{"rendered":"<p>Winoro\u015bl w regionie Tokaj by\u0142a uprawiana ju\u017c przez staro\u017cytnych Rzymian. Du\u017cy wp\u0142yw na rozw\u00f3j tych teren\u00f3w mieli Tatarzy, ich najazdy sprawi\u0142y, \u017ce teren opustosza\u0142, a&nbsp;winnice zosta\u0142y zniszczone. Do ich odrodzenia przyczyni\u0142 si\u0119 kr\u00f3l W\u0119gier, B\u00e9la IV. Za jego panowania region zosta\u0142 skolonizowany przez w\u0142oskich osadnik\u00f3w z region\u00f3w Formin i Bari. Przynie\u015bli oni ze sob\u0105 bogate [&hellip;]<\/p>\n","protected":false},"author":1,"featured_media":0,"parent":0,"menu_order":0,"comment_status":"closed","ping_status":"closed","template":"","meta":{"_acf_changed":false,"_monsterinsights_skip_tracking":false,"_monsterinsights_sitenote_active":false,"_monsterinsights_sitenote_note":"","_monsterinsights_sitenote_category":0,"footnotes":""},"class_list":["post-1024","page","type-page","status-publish","hentry"],"acf":[],"_links":{"self":[{"href":"https:\/\/grandbari.eu\/pl\/wp-json\/wp\/v2\/pages\/1024"}],"collection":[{"href":"https:\/\/grandbari.eu\/pl\/wp-json\/wp\/v2\/pages"}],"about":[{"href":"https:\/\/grandbari.eu\/pl\/wp-json\/wp\/v2\/types\/page"}],"author":[{"embeddable":true,"href":"https:\/\/grandbari.eu\/pl\/wp-json\/wp\/v2\/users\/1"}],"replies":[{"embeddable":true,"href":"https:\/\/grandbari.eu\/pl\/wp-json\/wp\/v2\/comments?post=1024"}],"version-history":[{"count":1,"href":"https:\/\/grandbari.eu\/pl\/wp-json\/wp\/v2\/pages\/1024\/revisions"}],"predecessor-version":[{"id":1025,"href":"https:\/\/grandbari.eu\/pl\/wp-json\/wp\/v2\/pages\/1024\/revisions\/1025"}],"wp:attachment":[{"href":"https:\/\/grandbari.eu\/pl\/wp-json\/wp\/v2\/media?parent=1024"}],"curies":[{"name":"wp","href":"https:\/\/api.w.org\/{rel}","templated":true}]}}