{"id":1027,"date":"2018-04-12T15:13:00","date_gmt":"2018-04-12T13:13:00","guid":{"rendered":"https:\/\/grandbari.eu\/contacts\/"},"modified":"2024-03-19T09:01:39","modified_gmt":"2024-03-19T08:01:39","slug":"kontakt","status":"publish","type":"page","link":"https:\/\/grandbari.eu\/pl\/kontakt\/","title":{"rendered":"Kontakt"},"content":{"rendered":"<h2>Zakwaterowanie, degustacje, imprezy:<\/h2>\n<p><strong>Przyj\u0119cie<\/strong><br \/>\nTeleon: <a href=\"tel:+421 56 333 79 55\">+421 56 333 79 55<\/a><br \/>\nE-mail: <a href=\"mailto:recepcia@grandbari.sk\">recepcia@grandbari.sk<\/a><\/p>\n<h2>Sprzeda\u017c, eksport:<\/h2>\n<p>&nbsp;<\/p>\n<p>JUDr. Jakub Smolko<\/p>\n<p>Telefon: <a href=\"tel:+421918588108\">+421 918 588 108<\/a><br \/>\nE-mail: <a href=\"mailto:smolko@grandbari.sk\">smolko@grandbari.sk<\/a><\/p>\n<h2>Produkcja:<\/h2>\n<p><strong>Chateau GRAND BARI s.r.o.<\/strong><\/p>\n<p>Po\u0161tov\u00e1 8, 040 01 Ko\u0161ice<br \/>\nSlovak Republic<\/p>\n<p>I\u010cO: 36 579 581<br \/>\nDI\u010c: 2022256764<br \/>\nI\u010c DPH: SK2022256764<\/p>\n<p><strong>Telefon:<\/strong> <a href=\"tel:+421 905 234 169\">+421 905 234 169<\/a><\/p>\n<p>&nbsp;<\/p>\n","protected":false},"excerpt":{"rendered":"<p>Zakwaterowanie, degustacje, imprezy: Przyj\u0119cie Teleon: +421 56 333 79 55 E-mail: recepcia@grandbari.sk Sprzeda\u017c, eksport: &nbsp; JUDr. Jakub Smolko Telefon: +421 918 588 108 E-mail: smolko@grandbari.sk Produkcja: Chateau GRAND BARI s.r.o. Po\u0161tov\u00e1 8, 040 01 Ko\u0161ice Slovak Republic I\u010cO: 36 579 581 DI\u010c: 2022256764 I\u010c DPH: SK2022256764 Telefon: +421 905 234 169 &nbsp;<\/p>\n","protected":false},"author":1,"featured_media":0,"parent":0,"menu_order":0,"comment_status":"closed","ping_status":"closed","template":"page-kontakty.php","meta":{"_acf_changed":false,"_monsterinsights_skip_tracking":false,"_monsterinsights_sitenote_active":false,"_monsterinsights_sitenote_note":"","_monsterinsights_sitenote_category":0,"footnotes":""},"class_list":["post-1027","page","type-page","status-publish","hentry"],"acf":[],"_links":{"self":[{"href":"https:\/\/grandbari.eu\/pl\/wp-json\/wp\/v2\/pages\/1027"}],"collection":[{"href":"https:\/\/grandbari.eu\/pl\/wp-json\/wp\/v2\/pages"}],"about":[{"href":"https:\/\/grandbari.eu\/pl\/wp-json\/wp\/v2\/types\/page"}],"author":[{"embeddable":true,"href":"https:\/\/grandbari.eu\/pl\/wp-json\/wp\/v2\/users\/1"}],"replies":[{"embeddable":true,"href":"https:\/\/grandbari.eu\/pl\/wp-json\/wp\/v2\/comments?post=1027"}],"version-history":[{"count":4,"href":"https:\/\/grandbari.eu\/pl\/wp-json\/wp\/v2\/pages\/1027\/revisions"}],"predecessor-version":[{"id":1443,"href":"https:\/\/grandbari.eu\/pl\/wp-json\/wp\/v2\/pages\/1027\/revisions\/1443"}],"wp:attachment":[{"href":"https:\/\/grandbari.eu\/pl\/wp-json\/wp\/v2\/media?parent=1027"}],"curies":[{"name":"wp","href":"https:\/\/api.w.org\/{rel}","templated":true}]}}