{"id":949,"date":"2018-04-12T12:18:44","date_gmt":"2018-04-12T10:18:44","guid":{"rendered":"https:\/\/grandbari.eu\/uvodna-strana\/"},"modified":"2020-10-07T14:33:17","modified_gmt":"2020-10-07T12:33:17","slug":"uvodna-strana","status":"publish","type":"page","link":"https:\/\/grandbari.eu\/pl\/","title":{"rendered":"Strona g\u0142\u00f3wna"},"content":{"rendered":"<p class=\"text-justify\">D\u0142ugo by opowiada\u0107 o tym, jakie mamy <strong>szcz\u0119\u015bcie<\/strong>, \u017ce jeste\u015bmy posiadaczami obszaru uprawy winoro\u015bli Tokaj. Jest ma\u0142y, ale jest to jeden z pi\u0119ciu obszar\u00f3w na \u015bwiecie, w kt\u00f3rym mo\u017cna uprawia\u0107 winoro\u015bl do produkcji naturalnie s\u0142odkich win. Po podbiciu Panonii Rzymianie przywie\u017ali ze sob\u0105 winoro\u015bl (furmint). Z archiwalnych dokument\u00f3w dowiadujemy si\u0119, \u017ce wino szybko zacz\u0119\u0142o by\u0107 poszukiwane przez dwory kr\u00f3lewskie i ksi\u0105\u017c\u0119ce ze wzgl\u0119du na wyj\u0105tkowy smak i inne walory. Z czasem trunek z Tokaju zadomowi\u0142 si\u0119 w wy\u017cszych sferach. Ten niezwyk\u0142y nap\u00f3j s\u0142u\u017cy\u0142 ludziom do poprawy nastroju, a&nbsp;tak\u017ce wzmocnienia zdrowia. Ma opini\u0119 doskona\u0142ego afrodyzjaku, <strong>korzystnie<\/strong> wp\u0142ywa na\u00a0<strong>p\u0142odno\u015b\u0107<\/strong>, zwi\u0119ksza <strong>witalno\u015b\u0107 i potencj\u0119 seksualn\u0105<\/strong>. Kocha i rodzi <strong>mi\u0142o\u015b\u0107.<\/strong><o:p><\/o:p><\/p>\n<p class=\"textimp02in\">Jest szlachetne i tajemnicze\u2026.<br \/>\nNa zdrowie!<o:p><\/o:p><\/p>\n","protected":false},"excerpt":{"rendered":"<p>D\u0142ugo by opowiada\u0107 o tym, jakie mamy szcz\u0119\u015bcie, \u017ce jeste\u015bmy posiadaczami obszaru uprawy winoro\u015bli Tokaj. Jest ma\u0142y, ale jest to jeden z pi\u0119ciu obszar\u00f3w na \u015bwiecie, w kt\u00f3rym mo\u017cna uprawia\u0107 winoro\u015bl do produkcji naturalnie s\u0142odkich win. Po podbiciu Panonii Rzymianie przywie\u017ali ze sob\u0105 winoro\u015bl (furmint). Z archiwalnych dokument\u00f3w dowiadujemy si\u0119, \u017ce wino szybko zacz\u0119\u0142o by\u0107 [&hellip;]<\/p>\n","protected":false},"author":1,"featured_media":0,"parent":0,"menu_order":0,"comment_status":"closed","ping_status":"closed","template":"page-uvodna.php","meta":{"_acf_changed":false,"_monsterinsights_skip_tracking":false,"_monsterinsights_sitenote_active":false,"_monsterinsights_sitenote_note":"","_monsterinsights_sitenote_category":0,"footnotes":""},"class_list":["post-949","page","type-page","status-publish","hentry"],"acf":[],"_links":{"self":[{"href":"https:\/\/grandbari.eu\/pl\/wp-json\/wp\/v2\/pages\/949"}],"collection":[{"href":"https:\/\/grandbari.eu\/pl\/wp-json\/wp\/v2\/pages"}],"about":[{"href":"https:\/\/grandbari.eu\/pl\/wp-json\/wp\/v2\/types\/page"}],"author":[{"embeddable":true,"href":"https:\/\/grandbari.eu\/pl\/wp-json\/wp\/v2\/users\/1"}],"replies":[{"embeddable":true,"href":"https:\/\/grandbari.eu\/pl\/wp-json\/wp\/v2\/comments?post=949"}],"version-history":[{"count":6,"href":"https:\/\/grandbari.eu\/pl\/wp-json\/wp\/v2\/pages\/949\/revisions"}],"predecessor-version":[{"id":1035,"href":"https:\/\/grandbari.eu\/pl\/wp-json\/wp\/v2\/pages\/949\/revisions\/1035"}],"wp:attachment":[{"href":"https:\/\/grandbari.eu\/pl\/wp-json\/wp\/v2\/media?parent=949"}],"curies":[{"name":"wp","href":"https:\/\/api.w.org\/{rel}","templated":true}]}}