{"id":998,"date":"2018-04-12T14:47:42","date_gmt":"2018-04-12T12:47:42","guid":{"rendered":"https:\/\/grandbari.eu\/winery\/"},"modified":"2020-10-07T14:09:29","modified_gmt":"2020-10-07T12:09:29","slug":"winnica","status":"publish","type":"page","link":"https:\/\/grandbari.eu\/pl\/winnica\/","title":{"rendered":"Winnica"},"content":{"rendered":"<div class=\"echelon-html-widget vinarstvo\">\n<p style=\"text-align: justify;\">Chateau GRAND BARI dzia\u0142a w miejscowo\u015bci Ve\u013ek\u00e1 Bara w regionie Tokaj. Nasze uprawy obejmuj\u0105 ok. 60 hektar\u00f3w grunt\u00f3w rolnych. Wino produkujemy wy\u0142\u0105cznie z naszego uprawianego wina w celu zachowania ci\u0105g\u0142o\u015bci \u201eterroir\u201d. Winiarnie od wiek\u00f3w by\u0142y ukryte w piwniczkach i ma\u0142ych domkach. Jednak przy obecnych wymaganiach wsp\u00f3\u0142czesnego winiarstwa sama tradycja ju\u017c nie wystarcza. Dlatego przedstawiamy rozwi\u0105zanie, kt\u00f3re \u0142\u0105czy nowoczesno\u015b\u0107 i tradycj\u0119.<\/p>\n<h1>Noclegi<\/h1>\n<p>Chateau GRAND BARI oferuje luksusowe zakwaterowanie w samym sercu Tokaju.<\/p>\n<ol>\n<li>Z pewno\u015bci\u0105 doceni\u0105 Pa\u0144stwo jako\u015b\u0107 wypoczynku w naszych luksusowych \u0142\u00f3\u017ckach Bedeur.<\/li>\n<li>Ka\u017cdy pok\u00f3j wyposa\u017cony jest w telewizor LED, minibar i balkon.<\/li>\n<\/ol>\n<p><img loading=\"lazy\" decoding=\"async\" class=\"size-large wp-image-912 aligncenter\" vspace=\"25\" src=\"https:\/\/grandbari.eu\/wp-content\/uploads\/2020\/02\/Chateau-GRAND-BARI-ubytovanie-vinarstvo-02-1024x683.jpg\" alt=\"\" width=\"1024\" height=\"683\" srcset=\"https:\/\/grandbari.eu\/wp-content\/uploads\/2020\/02\/Chateau-GRAND-BARI-ubytovanie-vinarstvo-02-1024x683.jpg 1024w, https:\/\/grandbari.eu\/wp-content\/uploads\/2020\/02\/Chateau-GRAND-BARI-ubytovanie-vinarstvo-02-300x200.jpg 300w, https:\/\/grandbari.eu\/wp-content\/uploads\/2020\/02\/Chateau-GRAND-BARI-ubytovanie-vinarstvo-02-768x512.jpg 768w, https:\/\/grandbari.eu\/wp-content\/uploads\/2020\/02\/Chateau-GRAND-BARI-ubytovanie-vinarstvo-02-225x150.jpg 225w, https:\/\/grandbari.eu\/wp-content\/uploads\/2020\/02\/Chateau-GRAND-BARI-ubytovanie-vinarstvo-02-1152x768.jpg 1152w, https:\/\/grandbari.eu\/wp-content\/uploads\/2020\/02\/Chateau-GRAND-BARI-ubytovanie-vinarstvo-02-128x85.jpg 128w, https:\/\/grandbari.eu\/wp-content\/uploads\/2020\/02\/Chateau-GRAND-BARI-ubytovanie-vinarstvo-02-450x300.jpg 450w, https:\/\/grandbari.eu\/wp-content\/uploads\/2020\/02\/Chateau-GRAND-BARI-ubytovanie-vinarstvo-02-167x111.jpg 167w, https:\/\/grandbari.eu\/wp-content\/uploads\/2020\/02\/Chateau-GRAND-BARI-ubytovanie-vinarstvo-02-1366x911.jpg 1366w\" sizes=\"(max-width: 1024px) 100vw, 1024px\" \/><\/p>\n<h1>Restauracja<\/h1>\n<p>Nowoczesna, klimatyzowana restauracja<\/p>\n<ol>\n<li>Pi\u0119kne widoki<\/li>\n<li>Grill na tarasie<\/li>\n<li>Ciep\u0142a i przytulna atmosfera<\/li>\n<li>Idealna na imprezy firmowe, przyj\u0119cia, wesela<\/li>\n<li>Klimatyzowane pomieszczenia<\/li>\n<\/ol>\n<p><img loading=\"lazy\" decoding=\"async\" class=\"aligncenter size-large wp-image-913\" vspace=\"25\" src=\"https:\/\/grandbari.eu\/wp-content\/uploads\/2020\/02\/Chateau-GRAND-BARI-restauracia-vinarstvo-03-1024x683.jpg\" alt=\"\" width=\"1024\" height=\"683\" srcset=\"https:\/\/grandbari.eu\/wp-content\/uploads\/2020\/02\/Chateau-GRAND-BARI-restauracia-vinarstvo-03-1024x683.jpg 1024w, https:\/\/grandbari.eu\/wp-content\/uploads\/2020\/02\/Chateau-GRAND-BARI-restauracia-vinarstvo-03-300x200.jpg 300w, https:\/\/grandbari.eu\/wp-content\/uploads\/2020\/02\/Chateau-GRAND-BARI-restauracia-vinarstvo-03-768x512.jpg 768w, https:\/\/grandbari.eu\/wp-content\/uploads\/2020\/02\/Chateau-GRAND-BARI-restauracia-vinarstvo-03-225x150.jpg 225w, https:\/\/grandbari.eu\/wp-content\/uploads\/2020\/02\/Chateau-GRAND-BARI-restauracia-vinarstvo-03-1152x768.jpg 1152w, https:\/\/grandbari.eu\/wp-content\/uploads\/2020\/02\/Chateau-GRAND-BARI-restauracia-vinarstvo-03-128x85.jpg 128w, https:\/\/grandbari.eu\/wp-content\/uploads\/2020\/02\/Chateau-GRAND-BARI-restauracia-vinarstvo-03-450x300.jpg 450w, https:\/\/grandbari.eu\/wp-content\/uploads\/2020\/02\/Chateau-GRAND-BARI-restauracia-vinarstvo-03-166x111.jpg 166w, https:\/\/grandbari.eu\/wp-content\/uploads\/2020\/02\/Chateau-GRAND-BARI-restauracia-vinarstvo-03-1366x911.jpg 1366w\" sizes=\"(max-width: 1024px) 100vw, 1024px\" \/><\/p>\n<h1>WYCIECZKI &amp; DEGUSTACJE WINA<\/h1>\n<p>Dla zwiedzaj\u0105cych przygotowano setki metr\u00f3w tradycyjnych piwnic tufowych oraz ekspozycj\u0119 tokajsk\u0105 z oryginaln\u0105 pras\u0105 winiarsk\u0105 z 1873 roku.<\/p>\n<ol>\n<li style=\"list-style-type: none;\">\n<ol>\n<li>Du\u017ca sala degustacyjna mo\u017ce pomie\u015bci\u0107 45 os\u00f3b<\/li>\n<li>Ma\u0142a sala degustacyjna mo\u017ce pomie\u015bci\u0107 10 os\u00f3b<\/li>\n<li>Sala degustacyjna w holu wej\u015bciowym mo\u017ce pomie\u015bci\u0107 8 os\u00f3b<\/li>\n<\/ol>\n<\/li>\n<\/ol>\n<p><img loading=\"lazy\" decoding=\"async\" class=\"aligncenter size-large wp-image-914\" vspace=\"25\" src=\"https:\/\/grandbari.eu\/wp-content\/uploads\/2020\/02\/Chateau-GRAND-BARI-tokajske-muzeum-vinarstvo-03-1024x683.jpg\" alt=\"\" width=\"1024\" height=\"683\" srcset=\"https:\/\/grandbari.eu\/wp-content\/uploads\/2020\/02\/Chateau-GRAND-BARI-tokajske-muzeum-vinarstvo-03-1024x683.jpg 1024w, https:\/\/grandbari.eu\/wp-content\/uploads\/2020\/02\/Chateau-GRAND-BARI-tokajske-muzeum-vinarstvo-03-300x200.jpg 300w, https:\/\/grandbari.eu\/wp-content\/uploads\/2020\/02\/Chateau-GRAND-BARI-tokajske-muzeum-vinarstvo-03-768x512.jpg 768w, https:\/\/grandbari.eu\/wp-content\/uploads\/2020\/02\/Chateau-GRAND-BARI-tokajske-muzeum-vinarstvo-03-225x150.jpg 225w, https:\/\/grandbari.eu\/wp-content\/uploads\/2020\/02\/Chateau-GRAND-BARI-tokajske-muzeum-vinarstvo-03-1152x768.jpg 1152w, https:\/\/grandbari.eu\/wp-content\/uploads\/2020\/02\/Chateau-GRAND-BARI-tokajske-muzeum-vinarstvo-03-128x85.jpg 128w, https:\/\/grandbari.eu\/wp-content\/uploads\/2020\/02\/Chateau-GRAND-BARI-tokajske-muzeum-vinarstvo-03-450x300.jpg 450w, https:\/\/grandbari.eu\/wp-content\/uploads\/2020\/02\/Chateau-GRAND-BARI-tokajske-muzeum-vinarstvo-03-166x111.jpg 166w, https:\/\/grandbari.eu\/wp-content\/uploads\/2020\/02\/Chateau-GRAND-BARI-tokajske-muzeum-vinarstvo-03-1366x911.jpg 1366w\" sizes=\"(max-width: 1024px) 100vw, 1024px\" \/><\/p>\n<h1>Sale konferencyjne<\/h1>\n<ol>\n<li>Klimatyzacja<\/li>\n<li>WI-FI<\/li>\n<li>Flipchart<\/li>\n<li>Projektor wideo<\/li>\n<\/ol>\n<p>Liczba os\u00f3b:<\/p>\n<p>uk\u0142ad teatralny: 50 os\u00f3b<\/p>\n<p>w uk\u0142adzie \u0142awkowym: 45 os\u00f3b<\/p>\n<p>w uk\u0142adzie podkowy: 30 os\u00f3b<\/p>\n<p><img loading=\"lazy\" decoding=\"async\" class=\"aligncenter size-large wp-image-915\" vspace=\"25\" src=\"https:\/\/grandbari.eu\/wp-content\/uploads\/2020\/02\/Chateau-GRAND-BARI-kongres-konferencia-vinarstvo-02-1024x683.jpg\" alt=\"\" width=\"1024\" height=\"683\" srcset=\"https:\/\/grandbari.eu\/wp-content\/uploads\/2020\/02\/Chateau-GRAND-BARI-kongres-konferencia-vinarstvo-02-1024x683.jpg 1024w, https:\/\/grandbari.eu\/wp-content\/uploads\/2020\/02\/Chateau-GRAND-BARI-kongres-konferencia-vinarstvo-02-300x200.jpg 300w, https:\/\/grandbari.eu\/wp-content\/uploads\/2020\/02\/Chateau-GRAND-BARI-kongres-konferencia-vinarstvo-02-768x512.jpg 768w, https:\/\/grandbari.eu\/wp-content\/uploads\/2020\/02\/Chateau-GRAND-BARI-kongres-konferencia-vinarstvo-02-225x150.jpg 225w, https:\/\/grandbari.eu\/wp-content\/uploads\/2020\/02\/Chateau-GRAND-BARI-kongres-konferencia-vinarstvo-02-1152x768.jpg 1152w, https:\/\/grandbari.eu\/wp-content\/uploads\/2020\/02\/Chateau-GRAND-BARI-kongres-konferencia-vinarstvo-02-128x85.jpg 128w, https:\/\/grandbari.eu\/wp-content\/uploads\/2020\/02\/Chateau-GRAND-BARI-kongres-konferencia-vinarstvo-02-450x300.jpg 450w, https:\/\/grandbari.eu\/wp-content\/uploads\/2020\/02\/Chateau-GRAND-BARI-kongres-konferencia-vinarstvo-02-167x111.jpg 167w, https:\/\/grandbari.eu\/wp-content\/uploads\/2020\/02\/Chateau-GRAND-BARI-kongres-konferencia-vinarstvo-02-1366x911.jpg 1366w\" sizes=\"(max-width: 1024px) 100vw, 1024px\" \/><\/p>\n<h1 style=\"text-align: center;\">Rezerwacje: <a href=\"tel: +421 918 894 299\">+421 918 894 299<\/a> or&nbsp;<a href=\"mailto:grandbari@grandbari.sk\">grandbari@grandbari.sk<\/a><\/h1>\n<\/div>\n","protected":false},"excerpt":{"rendered":"<p>Chateau GRAND BARI dzia\u0142a w miejscowo\u015bci Ve\u013ek\u00e1 Bara w regionie Tokaj. Nasze uprawy obejmuj\u0105 ok. 60 hektar\u00f3w grunt\u00f3w rolnych. Wino produkujemy wy\u0142\u0105cznie z naszego uprawianego wina w celu zachowania ci\u0105g\u0142o\u015bci \u201eterroir\u201d. Winiarnie od wiek\u00f3w by\u0142y ukryte w piwniczkach i ma\u0142ych domkach. Jednak przy obecnych wymaganiach wsp\u00f3\u0142czesnego winiarstwa sama tradycja ju\u017c nie wystarcza. Dlatego przedstawiamy rozwi\u0105zanie, [&hellip;]<\/p>\n","protected":false},"author":1,"featured_media":0,"parent":0,"menu_order":0,"comment_status":"closed","ping_status":"closed","template":"","meta":{"_acf_changed":false,"_monsterinsights_skip_tracking":false,"_monsterinsights_sitenote_active":false,"_monsterinsights_sitenote_note":"","_monsterinsights_sitenote_category":0,"footnotes":""},"class_list":["post-998","page","type-page","status-publish","hentry"],"acf":[],"_links":{"self":[{"href":"https:\/\/grandbari.eu\/pl\/wp-json\/wp\/v2\/pages\/998"}],"collection":[{"href":"https:\/\/grandbari.eu\/pl\/wp-json\/wp\/v2\/pages"}],"about":[{"href":"https:\/\/grandbari.eu\/pl\/wp-json\/wp\/v2\/types\/page"}],"author":[{"embeddable":true,"href":"https:\/\/grandbari.eu\/pl\/wp-json\/wp\/v2\/users\/1"}],"replies":[{"embeddable":true,"href":"https:\/\/grandbari.eu\/pl\/wp-json\/wp\/v2\/comments?post=998"}],"version-history":[{"count":6,"href":"https:\/\/grandbari.eu\/pl\/wp-json\/wp\/v2\/pages\/998\/revisions"}],"predecessor-version":[{"id":1012,"href":"https:\/\/grandbari.eu\/pl\/wp-json\/wp\/v2\/pages\/998\/revisions\/1012"}],"wp:attachment":[{"href":"https:\/\/grandbari.eu\/pl\/wp-json\/wp\/v2\/media?parent=998"}],"curies":[{"name":"wp","href":"https:\/\/api.w.org\/{rel}","templated":true}]}}